{"id":336,"date":"2025-10-08T08:46:21","date_gmt":"2025-10-08T08:46:21","guid":{"rendered":"https:\/\/collectiflerevers.fr\/?page_id=336"},"modified":"2025-11-24T12:30:11","modified_gmt":"2025-11-24T12:30:11","slug":"lettre-ouverte","status":"publish","type":"page","link":"https:\/\/collectiflerevers.fr\/?page_id=336","title":{"rendered":"Lettre ouverte"},"content":{"rendered":"\t\t<div data-elementor-type=\"wp-page\" data-elementor-id=\"336\" class=\"elementor elementor-336\">\n\t\t\t\t<div class=\"elementor-element elementor-element-fbf7ab8 e-flex e-con-boxed e-con e-parent\" data-id=\"fbf7ab8\" data-element_type=\"container\">\n\t\t\t\t\t<div class=\"e-con-inner\">\n\t\t\t\t\t<\/div>\n\t\t\t\t<\/div>\n\t\t<div class=\"elementor-element elementor-element-dce4dc5 e-flex e-con-boxed e-con e-parent\" data-id=\"dce4dc5\" data-element_type=\"container\">\n\t\t\t\t\t<div class=\"e-con-inner\">\n\t\t\t\t<div class=\"elementor-element elementor-element-956d3bc elementor-widget elementor-widget-text-editor\" data-id=\"956d3bc\" data-element_type=\"widget\" data-widget_type=\"text-editor.default\">\n\t\t\t\t\t\t\t\t\t<a href=\"https:\/\/collectiflerevers.fr\/wp-content\/uploads\/2025\/10\/Collectif-Le-Revers-Tribune-1.pdf\" class=\"pdfemb-viewer\" style=\"width:700px;\" data-width=\"700\" data-height=\"max\" data-toolbar=\"bottom\" data-toolbar-fixed=\"off\">Collectif-Le-Revers-Tribune-1<\/a>\n\t\t\t\t\t\t\t\t<\/div>\n\t\t\t\t\t<\/div>\n\t\t\t\t<\/div>\n\t\t<div class=\"elementor-element elementor-element-cf3d951 e-flex e-con-boxed e-con e-parent\" data-id=\"cf3d951\" data-element_type=\"container\">\n\t\t\t\t\t<div class=\"e-con-inner\">\n\t\t\t\t<div class=\"elementor-element elementor-element-7c0f090 elementor-widget elementor-widget-spacer\" data-id=\"7c0f090\" data-element_type=\"widget\" data-widget_type=\"spacer.default\">\n\t\t\t\t\t\t\t<div class=\"elementor-spacer\">\n\t\t\t<div class=\"elementor-spacer-inner\"><\/div>\n\t\t<\/div>\n\t\t\t\t\t\t<\/div>\n\t\t\t\t\t<\/div>\n\t\t\t\t<\/div>\n\t\t<div class=\"elementor-element elementor-element-1991b02 e-flex e-con-boxed e-con e-parent\" data-id=\"1991b02\" data-element_type=\"container\">\n\t\t\t\t\t<div class=\"e-con-inner\">\n\t\t\t\t<div class=\"elementor-element elementor-element-eec1d50 elementor-widget elementor-widget-text-editor\" data-id=\"eec1d50\" data-element_type=\"widget\" data-widget_type=\"text-editor.default\">\n\t\t\t\t\t\t\t\t\t<p><em>Liste des signataires : Acceptess-T, Action contre la faim, Association Addiction France, Association Oppelia, Aides, Antanak, Association 4A, ATD Quart Monde Paris, CAD (Collectif d&rsquo;Acc\u00e8s au Droit), Cedre, Collectif Z\u00e9ro B\u00e9b\u00e9 \u00e0 la Rue, Comede, Dom&rsquo;Asile, Famille France-Humanit\u00e9, FAS Idf, F\u00e9d\u00e9ration Addiction, Friche commune, La casa Paris, La Chorba, L&rsquo;assiette migrante, La Cimade, La Cloche, La gamelle de Jaur\u00e8s, LDH Paris 18\u00e8me, Les Enfants du Canal, Les midis du Mie, Les Oubli\u00e9s de la R\u00e9publique,&nbsp;<\/em><em>M\u00e9decins du Monde &#8211; d\u00e9l\u00e9gation Idf, Observatoire des camps de r\u00e9fugi\u00e9s,&nbsp;<\/em><em>P&rsquo;tits d\u00e9js solidaires\/Quartiers solidaires,&nbsp;<\/em><em>Robins des rues,&nbsp;<\/em><em>Solipam,<\/em><em>Tendre la main,<\/em><em>Thot,&nbsp;<\/em><em>URIOPSS Ile-de-France,&nbsp;<\/em><em>UTOPIA 56, Watizat,&nbsp;<\/em><em>Yoga and sport with Refugees<\/em><\/p>\t\t\t\t\t\t\t\t<\/div>\n\t\t\t\t\t<\/div>\n\t\t\t\t<\/div>\n\t\t<div class=\"elementor-element elementor-element-c8c1796 e-flex e-con-boxed e-con e-parent\" data-id=\"c8c1796\" data-element_type=\"container\">\n\t\t\t\t\t<div class=\"e-con-inner\">\n\t\t\t\t<div class=\"elementor-element elementor-element-38244e5 elementor-widget elementor-widget-spacer\" data-id=\"38244e5\" data-element_type=\"widget\" data-widget_type=\"spacer.default\">\n\t\t\t\t\t\t\t<div class=\"elementor-spacer\">\n\t\t\t<div class=\"elementor-spacer-inner\"><\/div>\n\t\t<\/div>\n\t\t\t\t\t\t<\/div>\n\t\t\t\t\t<\/div>\n\t\t\t\t<\/div>\n\t\t\t\t<\/div>\n\t\t","protected":false},"excerpt":{"rendered":"<p>Liste des signataires : Acceptess-T, Action contre la faim, Association Addiction France, Association Oppelia, Aides, Antanak, Association 4A, ATD Quart Monde Paris, CAD (Collectif d&rsquo;Acc\u00e8s au Droit), Cedre, Collectif Z\u00e9ro B\u00e9b\u00e9 \u00e0 la Rue, Comede, Dom&rsquo;Asile, Famille France-Humanit\u00e9, FAS Idf, F\u00e9d\u00e9ration Addiction, Friche commune, La casa Paris, La Chorba, L&rsquo;assiette migrante, La Cimade, La Cloche, [&hellip;]<\/p>\n","protected":false},"author":1,"featured_media":0,"parent":0,"menu_order":0,"comment_status":"closed","ping_status":"closed","template":"","meta":{"footnotes":""},"class_list":["post-336","page","type-page","status-publish","hentry"],"_links":{"self":[{"href":"https:\/\/collectiflerevers.fr\/index.php?rest_route=\/wp\/v2\/pages\/336","targetHints":{"allow":["GET"]}}],"collection":[{"href":"https:\/\/collectiflerevers.fr\/index.php?rest_route=\/wp\/v2\/pages"}],"about":[{"href":"https:\/\/collectiflerevers.fr\/index.php?rest_route=\/wp\/v2\/types\/page"}],"author":[{"embeddable":true,"href":"https:\/\/collectiflerevers.fr\/index.php?rest_route=\/wp\/v2\/users\/1"}],"replies":[{"embeddable":true,"href":"https:\/\/collectiflerevers.fr\/index.php?rest_route=%2Fwp%2Fv2%2Fcomments&post=336"}],"version-history":[{"count":62,"href":"https:\/\/collectiflerevers.fr\/index.php?rest_route=\/wp\/v2\/pages\/336\/revisions"}],"predecessor-version":[{"id":482,"href":"https:\/\/collectiflerevers.fr\/index.php?rest_route=\/wp\/v2\/pages\/336\/revisions\/482"}],"wp:attachment":[{"href":"https:\/\/collectiflerevers.fr\/index.php?rest_route=%2Fwp%2Fv2%2Fmedia&parent=336"}],"curies":[{"name":"wp","href":"https:\/\/api.w.org\/{rel}","templated":true}]}}