{"id":413,"date":"2025-11-16T17:13:28","date_gmt":"2025-11-16T17:13:28","guid":{"rendered":"https:\/\/collectiflerevers.fr\/?page_id=413"},"modified":"2025-11-17T11:13:35","modified_gmt":"2025-11-17T11:13:35","slug":"planpec","status":"publish","type":"page","link":"https:\/\/collectiflerevers.fr\/?page_id=413","title":{"rendered":"Plan de prise en charge"},"content":{"rendered":"\t\t<div data-elementor-type=\"wp-page\" data-elementor-id=\"413\" class=\"elementor elementor-413\">\n\t\t\t\t<div class=\"elementor-element elementor-element-4269e15 e-flex e-con-boxed e-con e-parent\" data-id=\"4269e15\" data-element_type=\"container\">\n\t\t\t\t\t<div class=\"e-con-inner\">\n\t\t\t\t<div class=\"elementor-element elementor-element-3cfc51d elementor-widget elementor-widget-heading\" data-id=\"3cfc51d\" data-element_type=\"widget\" data-widget_type=\"heading.default\">\n\t\t\t\t\t<h2 class=\"elementor-heading-title elementor-size-default\">Plan de <u>prise en charge<\/u> des personnes <u>sans domicile<\/u>\n<\/h2>\t\t\t\t<\/div>\n\t\t\t\t<div class=\"elementor-element elementor-element-ef2a775 elementor-widget elementor-widget-heading\" data-id=\"ef2a775\" data-element_type=\"widget\" data-widget_type=\"heading.default\">\n\t\t\t\t\t<h2 class=\"elementor-heading-title elementor-size-default\">1% du budget de la ville de Paris pour engendrer un v\u00e9ritable choc de solidarit\u00e9 !<\/h2>\t\t\t\t<\/div>\n\t\t\t\t<div class=\"elementor-element elementor-element-f09682e elementor-widget elementor-widget-text-editor\" data-id=\"f09682e\" data-element_type=\"widget\" data-widget_type=\"text-editor.default\">\n\t\t\t\t\t\t\t\t\t<p>Dans le cadre de la campagne des municipales 2026 \u00e0 Paris, nous, collectif \u201cLe Revers\u201d, souhaitons que les candidates et candidats qui aspirent \u00e0 administrer la Ville de Paris adoptent\u00a0<b>le plan de prise en charge des personnes sans domicile que nous publions aujourd\u2019hui.<\/b><\/p><p>Son application est chiffr\u00e9e \u00e0\u00a0<b>110 millions d&rsquo;euros,<\/b>\u00a0<b>soit seulement 1% de son budget total de fonctionnement en 2025<\/b><b>.\u00a0<\/b>Ce budget permettrait de bouleverser positivement la vie de milliers de personnes en situation de pr\u00e9carit\u00e9 et de grande exclusion.<\/p><p>Notre plan se d\u00e9cline en\u00a0<b>12 recommandations phares,<\/b>\u00a0demandant non seulement la\u00a0<b>sauvegarde de nombreux dispositifs solidaires d\u00e9j\u00e0 existants<\/b>\u00a0mais \u00e9galement le\u00a0<b>n\u00e9cessaire d\u00e9veloppement de nombreux autres\u00a0<\/b>: en mati\u00e8re d&rsquo;h\u00e9bergement, de logement social, d\u2019aide alimentaire, de sant\u00e9 et d\u2019accompagnement juridique et social.\u00a0<\/p><p><b>Ce plan, qui va de l&rsquo;urgence \u00e0 l&rsquo;insertion, provoquerait<\/b><b>\u00a0un\u00a0<\/b><b>v\u00e9ritable choc de solidarit\u00e9 !<\/b><\/p>\t\t\t\t\t\t\t\t<\/div>\n\t\t\t\t<div class=\"elementor-element elementor-element-1d002ef elementor-widget elementor-widget-spacer\" data-id=\"1d002ef\" data-element_type=\"widget\" data-widget_type=\"spacer.default\">\n\t\t\t\t\t\t\t<div class=\"elementor-spacer\">\n\t\t\t<div class=\"elementor-spacer-inner\"><\/div>\n\t\t<\/div>\n\t\t\t\t\t\t<\/div>\n\t\t\t\t<div class=\"elementor-element elementor-element-7bdd230 elementor-widget__width-initial elementor-widget elementor-widget-text-editor\" data-id=\"7bdd230\" data-element_type=\"widget\" data-widget_type=\"text-editor.default\">\n\t\t\t\t\t\t\t\t\t<a href=\"https:\/\/collectiflerevers.fr\/wp-content\/uploads\/2025\/11\/mise-en-page-numerique-Plan-de-prise-en-charge-des-personnes-sans-domicile.pdf\" class=\"pdfemb-viewer\" style=\"\" data-width=\"max\" data-height=\"max\" data-toolbar=\"bottom\" data-toolbar-fixed=\"off\">Plan de prise en charge des personnes sans domicile<\/a>\t\t\t\t\t\t\t\t<\/div>\n\t\t\t\t<div class=\"elementor-element elementor-element-873f468 elementor-widget elementor-widget-spacer\" data-id=\"873f468\" data-element_type=\"widget\" data-widget_type=\"spacer.default\">\n\t\t\t\t\t\t\t<div class=\"elementor-spacer\">\n\t\t\t<div class=\"elementor-spacer-inner\"><\/div>\n\t\t<\/div>\n\t\t\t\t\t\t<\/div>\n\t\t\t\t\t<\/div>\n\t\t\t\t<\/div>\n\t\t<div class=\"elementor-element elementor-element-4d1972d e-flex e-con-boxed e-con e-parent\" data-id=\"4d1972d\" data-element_type=\"container\">\n\t\t\t\t\t<div class=\"e-con-inner\">\n\t\t\t\t<div class=\"elementor-element elementor-element-40909d3 elementor-widget elementor-widget-text-editor\" data-id=\"40909d3\" data-element_type=\"widget\" data-widget_type=\"text-editor.default\">\n\t\t\t\t\t\t\t\t\t<p>Pdf t\u00e9l\u00e9chargeable : <a href=\"https:\/\/drive.google.com\/file\/d\/11pdeq7dN8VwQpRQ8QbFtbOdVFOf3n3cv\/view?usp=sharing\">version num\u00e9rique<\/a>, <a href=\"https:\/\/drive.google.com\/file\/d\/1iZ8cwzIJfINhm8caYQk-xc-9qZY9d8dZ\/view?usp=sharing\">version papier<\/a><\/p>\t\t\t\t\t\t\t\t<\/div>\n\t\t\t\t\t<\/div>\n\t\t\t\t<\/div>\n\t\t\t\t<\/div>\n\t\t","protected":false},"excerpt":{"rendered":"<p>Plan de prise en charge des personnes sans domicile 1% du budget de la ville de Paris pour engendrer un v\u00e9ritable choc de solidarit\u00e9 ! Dans le cadre de la campagne des municipales 2026 \u00e0 Paris, nous, collectif \u201cLe Revers\u201d, souhaitons que les candidates et candidats qui aspirent \u00e0 administrer la Ville de Paris adoptent\u00a0le [&hellip;]<\/p>\n","protected":false},"author":2,"featured_media":0,"parent":0,"menu_order":0,"comment_status":"closed","ping_status":"closed","template":"elementor_header_footer","meta":{"footnotes":""},"class_list":["post-413","page","type-page","status-publish","hentry"],"_links":{"self":[{"href":"https:\/\/collectiflerevers.fr\/index.php?rest_route=\/wp\/v2\/pages\/413","targetHints":{"allow":["GET"]}}],"collection":[{"href":"https:\/\/collectiflerevers.fr\/index.php?rest_route=\/wp\/v2\/pages"}],"about":[{"href":"https:\/\/collectiflerevers.fr\/index.php?rest_route=\/wp\/v2\/types\/page"}],"author":[{"embeddable":true,"href":"https:\/\/collectiflerevers.fr\/index.php?rest_route=\/wp\/v2\/users\/2"}],"replies":[{"embeddable":true,"href":"https:\/\/collectiflerevers.fr\/index.php?rest_route=%2Fwp%2Fv2%2Fcomments&post=413"}],"version-history":[{"count":37,"href":"https:\/\/collectiflerevers.fr\/index.php?rest_route=\/wp\/v2\/pages\/413\/revisions"}],"predecessor-version":[{"id":475,"href":"https:\/\/collectiflerevers.fr\/index.php?rest_route=\/wp\/v2\/pages\/413\/revisions\/475"}],"wp:attachment":[{"href":"https:\/\/collectiflerevers.fr\/index.php?rest_route=%2Fwp%2Fv2%2Fmedia&parent=413"}],"curies":[{"name":"wp","href":"https:\/\/api.w.org\/{rel}","templated":true}]}}