{"id":660,"date":"2026-05-06T15:31:50","date_gmt":"2026-05-06T15:31:50","guid":{"rendered":"https:\/\/collectiflerevers.fr\/?page_id=660"},"modified":"2026-05-06T15:34:22","modified_gmt":"2026-05-06T15:34:22","slug":"lettre-au-prif-sur-la-fermeture-du-gl-center","status":"publish","type":"page","link":"https:\/\/collectiflerevers.fr\/?page_id=660","title":{"rendered":"Lettre au PRIF sur la fermeture du GL center"},"content":{"rendered":"\t\t<div data-elementor-type=\"wp-page\" data-elementor-id=\"660\" class=\"elementor elementor-660\">\n\t\t\t\t<div class=\"elementor-element elementor-element-ad4aa47 e-flex e-con-boxed e-con e-parent\" data-id=\"ad4aa47\" data-element_type=\"container\">\n\t\t\t\t\t<div class=\"e-con-inner\">\n\t\t\t\t<div class=\"elementor-element elementor-element-29613bc elementor-widget elementor-widget-text-editor\" data-id=\"29613bc\" data-element_type=\"widget\" data-widget_type=\"text-editor.default\">\n\t\t\t\t\t\t\t\t\t<p>Paris, le 05 mai 2025<\/p><p>Monsieur le Pr\u00e9fet,<\/p><p>Le collectif Le Revers, compos\u00e9 d\u2019associations et organisations agissant aupr\u00e8s des personnes en grande pr\u00e9carit\u00e9, souhaite vous alerter sur les cons\u00e9quences graves de la fermeture du GL Center \u2013 Porte de la Villette, op\u00e9r\u00e9e sans proposition de solutions d\u2019h\u00e9bergement adapt\u00e9es ni p\u00e9rennes, dans un contexte dans lequel les dispositifs d\u2019h\u00e9bergement d\u2019urgence sont structurellement satur\u00e9s, et les ouvertures ponctuelles de places ne compensent ni les besoins r\u00e9els ni les fermetures successives de centres temporaires. La fermeture du GL Center aggrave une situation que les pouvoirs publics connaissent parfaitement. Les propositions d\u2019orientation vers des dispositifs \u00e9loign\u00e9s, inadapt\u00e9s ou non p\u00e9rennes ne constituent pas des solutions acceptables. Elles placent les personnes face \u00e0 un choix impossible : l\u2019\u00e9loignement forc\u00e9 ou la rue. <br \/><br \/>Or, la fin soudaine d\u2019un h\u00e9bergement stable pour plusieurs centaines de personnes, dont certaines particuli\u00e8rement vuln\u00e9rables, participe \u00e0 l\u2019invisibilisation des personnes les plus pr\u00e9caires plut\u00f4t qu\u2019\u00e0 la garantie de leurs droits. <br \/>Elle alimente la fabrique de l\u2019errance, en contraignant des personnes d\u00e9j\u00e0 fragilis\u00e9es \u00e0 des d\u00e9placements forc\u00e9s, \u00e0 la perte de rep\u00e8res et \u00e0 une exposition accrue aux dangers de la rue. Le nombre de personnes qui meurent dans la rue augmente inexorablement. En 2025, 960 d\u00e9c\u00e8s ont \u00e9t\u00e9 recens\u00e9s en France par le Collectif Les Morts de la Rue, confirmant une hausse constante d\u2019ann\u00e9e en ann\u00e9e. \u00c0 Paris, la situation est particuli\u00e8rement alarmante : selon les donn\u00e9es du Samusocial, seuls 17 % des appels au 115 sont d\u00e9croch\u00e9s chaque nuit, en raison de la saturation du service. <br \/>Cette d\u00e9faillance structurelle est telle que deux tiers des personnes sans domicile ont renonc\u00e9 \u00e0 appeler, faute d\u2019espoir d\u2019obtenir une place. Chaque remise \u00e0 la rue entra\u00eene des cons\u00e9quences d\u00e9l\u00e9t\u00e8res, largement document\u00e9es : atteintes \u00e0 la sant\u00e9 physique et psychique, interruption des d\u00e9marches administratives et d\u2019acc\u00e8s aux droits, rupture des accompagnements m\u00e9dicaux sociaux et juridiques. Ces cons\u00e9quences ne sont ni th\u00e9oriques ni marginales : elles sont connues et \u00e9vitables. <br \/>Elles engagent la responsabilit\u00e9 des pouvoirs publics au regard du droit \u00e0 la dignit\u00e9, du droit \u00e0 la sant\u00e9 et du principe d\u2019inconditionnalit\u00e9 de l\u2019h\u00e9bergement d\u2019urgence.\u00a0<\/p><p>Face \u00e0 cette situation, nous vous demandons d\u2019agir sans d\u00e9lai pour \u00e9viter de nouvelles ruptures de prise en charge. <br \/>Nous demandons :\u00a0<\/p><p>\u2022 le maintien imm\u00e9diat des personnes actuellement h\u00e9berg\u00e9es au GL Center dans des dispositifs d\u2019h\u00e9bergement dignes et s\u00e9curis\u00e9s ;<br \/>\u2022 L\u2019ouverture de nouvelles places d\u2019h\u00e9bergement d\u2019urgence est indispensable afin d\u2019\u00e9viter toute fermeture sans solution alternative, et de permettre aux personnes actuellement sans abri d\u2019acc\u00e9der \u00e0 un h\u00e9bergement. Ces cr\u00e9ations de places doivent imp\u00e9rativement se faire sans r\u00e9duire les capacit\u00e9s d\u2019accueil existantes destin\u00e9es aux autres publics; <br \/>\u2022 la mise en place de solutions adapt\u00e9es \u00e0 la situation de chaque personne, fond\u00e9es sur l\u2019\u00e9valuation sociale, la continuit\u00e9 des droits et la protection des plus vuln\u00e9rables ; <br \/>\u2022 l\u2019absence de toute remise \u00e0 la rue, m\u00eame temporaire, tant qu\u2019une solution stable n\u2019a pas \u00e9t\u00e9 propos\u00e9e ; <br \/>\u2022 l\u2019ouverture d\u2019un dialogue transparent avec les associations et collectifs intervenant aupr\u00e8s des personnes concern\u00e9es. Nous restons disponibles pour \u00e9changer dans les plus brefs d\u00e9lais et contribuer \u00e0 la construction de r\u00e9ponses respectueuses des droits fondamentaux et de la dignit\u00e9 des personnes.<\/p><p>Veuillez agr\u00e9er, Monsieur le pr\u00e9fet, l\u2019expression de nos salutations distingu\u00e9es.<\/p><p>Le collectif Le Revers<\/p>\t\t\t\t\t\t\t\t<\/div>\n\t\t\t\t\t<\/div>\n\t\t\t\t<\/div>\n\t\t\t\t<\/div>\n\t\t","protected":false},"excerpt":{"rendered":"<p>Paris, le 05 mai 2025 Monsieur le Pr\u00e9fet, Le collectif Le Revers, compos\u00e9 d\u2019associations et organisations agissant aupr\u00e8s des personnes en grande pr\u00e9carit\u00e9, souhaite vous alerter sur les cons\u00e9quences graves de la fermeture du GL Center \u2013 Porte de la Villette, op\u00e9r\u00e9e sans proposition de solutions d\u2019h\u00e9bergement adapt\u00e9es ni p\u00e9rennes, dans un contexte dans lequel [&hellip;]<\/p>\n","protected":false},"author":1,"featured_media":0,"parent":0,"menu_order":0,"comment_status":"closed","ping_status":"closed","template":"","meta":{"footnotes":""},"class_list":["post-660","page","type-page","status-publish","hentry"],"_links":{"self":[{"href":"https:\/\/collectiflerevers.fr\/index.php?rest_route=\/wp\/v2\/pages\/660","targetHints":{"allow":["GET"]}}],"collection":[{"href":"https:\/\/collectiflerevers.fr\/index.php?rest_route=\/wp\/v2\/pages"}],"about":[{"href":"https:\/\/collectiflerevers.fr\/index.php?rest_route=\/wp\/v2\/types\/page"}],"author":[{"embeddable":true,"href":"https:\/\/collectiflerevers.fr\/index.php?rest_route=\/wp\/v2\/users\/1"}],"replies":[{"embeddable":true,"href":"https:\/\/collectiflerevers.fr\/index.php?rest_route=%2Fwp%2Fv2%2Fcomments&post=660"}],"version-history":[{"count":4,"href":"https:\/\/collectiflerevers.fr\/index.php?rest_route=\/wp\/v2\/pages\/660\/revisions"}],"predecessor-version":[{"id":666,"href":"https:\/\/collectiflerevers.fr\/index.php?rest_route=\/wp\/v2\/pages\/660\/revisions\/666"}],"wp:attachment":[{"href":"https:\/\/collectiflerevers.fr\/index.php?rest_route=%2Fwp%2Fv2%2Fmedia&parent=660"}],"curies":[{"name":"wp","href":"https:\/\/api.w.org\/{rel}","templated":true}]}}